{"id":17,"date":"2025-08-19T07:36:26","date_gmt":"2025-08-19T05:36:26","guid":{"rendered":"http:\/\/217.154.116.10\/?page_id=17"},"modified":"2025-09-13T21:35:02","modified_gmt":"2025-09-13T19:35:02","slug":"fr-ysf-longwy","status":"publish","type":"page","link":"http:\/\/217.154.116.10\/index.php\/fr-ysf-longwy\/","title":{"rendered":"FR-YSF-LONGWY"},"content":{"rendered":"\n<p>Historique :<\/p>\n\n\n\n<p>D\u00e9but 2025, j&rsquo;ai \u00e9tudi\u00e9 plusieurs documents pour la cr\u00e9ation d&rsquo;un R\u00e9flecteur YSF, mode C4FM sur notre relai F1ZMC. Depuis plusieurs ann\u00e9es notre relai F1ZAX est analogique FM \/ Wires-X C4FM.<\/p>\n\n\n\n<p>Apr\u00e8s plusieurs tentatives sur Raspberry-Pi, j&rsquo;ai retenu l&rsquo;installation du r\u00e9flecteur FR-YSF-LONGWY sur un PC distribution Linux Debian au Radio Club F6KWP (ARAS54Nord), il est accessible sur notre relai F1ZMC unique Digital. Il est \u00e9galement possible d\u2019acc\u00e9der \u00e0 ce r\u00e9flecteur par un HotSpot en YSF ou CrossMode + un TX ou avec l&rsquo;application DroidStar.<\/p>\n\n\n\n<p>Pour mes essais personnels et am\u00e9liorations, j&rsquo;ai cr\u00e9\u00e9 FR-YSF-LONGWY-2, unique disponible sur HotSpot ou application Droistar. Il est sur un serveur VPS.<\/p>\n\n\n\n<p><strong>Utilisation&nbsp;:<\/strong><\/p>\n\n\n\n<p>&#8211; F1ZAX, Wires-X Mode C4FM en local voie hertzienne (RX 145.762.5 TX 145.162.5) ou en connexion PDN (Portable Digital Node). Il faut alors connect\u00e9 son RTX C4FM \u00e0 un PC avec le c\u00e2ble de programmation et utiliser le logiciel Wires-X distribu\u00e9 par Yaesu. F1ZAX Node&nbsp;: 31892 &#8211; Room&nbsp;: 41892<\/p>\n\n\n\n<ul class=\"wp-block-list\">\n<li>F1ZMC, YSF Mode F1ZMC en local voie hertzienne (RX\u00a0: 439.900 TX 430.500) pour l&rsquo;instant la fonction DG-ID n&rsquo;est pas active, cela viendra lorsque le R\u00e9fl\u00e9cteur FR-YSF-LONGWY sera Multi Protocoles.<\/li>\n\n\n\n<li>En utilisant DroiStar sur Smartphone\/Tablette ou PC Windows\/Linux<\/li>\n<\/ul>\n\n\n\n<ul class=\"wp-block-list\">\n<li>Il faut avoir un DMR-ID, inscription \u00e0 faire ici <a href=\"https:\/\/radioid.net\/register\">https:\/\/radioid.net\/register<\/a><\/li>\n<\/ul>\n\n\n\n<ul class=\"wp-block-list\">\n<li>T\u00e9l\u00e9charger le logiciel DroidStar<\/li>\n<\/ul>\n\n\n\n<ul class=\"wp-block-list\">\n<li>Dans onglet Settings, mettre son Call, ID-DMR, au besoin t\u00e9l\u00e9charger le vocoder <a href=\"https:\/\/kapihan.net\/connect\/resources\/files\/droidstar-vocoders.php\">https:\/\/kapihan.net\/connect\/resources\/files\/droidstar-vocoders.php<\/a><\/li>\n<\/ul>\n\n\n\n<p>URL \u00e0 mettre en bas de page de Settings<\/p>\n\n\n\n<ul class=\"wp-block-list\">\n<li>Onglet Main: Mode YSF \u2013 FR-YSF-LONGWY (Designator 54810)ou FR-YSF-LONGWY-2 (Designator 54410) puis connect \u2013 Pour Parler appui sur TX bleu \/ Pour \u00e9couter appui sur touche TX rouge<\/li>\n<\/ul>\n\n\n\n<p>Tout ceci est une premi\u00e8re approche aux modes digitaux, pour toutes questions ne pas h\u00e9siter \u00e0 me joindre par mail ou sur nos relais et r\u00e9flecteurs (Attention&nbsp;: FR-YSF-LONGWY-2 n&rsquo;est pas toujours \u00e9cout\u00e9).<\/p>\n\n\n\n<p>F1POQ    Jean-Claude<\/p>\n","protected":false},"excerpt":{"rendered":"<p>Historique : D\u00e9but 2025, j&rsquo;ai \u00e9tudi\u00e9 plusieurs documents pour la cr\u00e9ation d&rsquo;un R\u00e9flecteur YSF, mode C4FM sur notre relai F1ZMC. Depuis plusieurs ann\u00e9es notre relai &hellip; <\/p>\n","protected":false},"author":1,"featured_media":0,"parent":0,"menu_order":0,"comment_status":"closed","ping_status":"closed","template":"","meta":{"footnotes":""},"class_list":["post-17","page","type-page","status-publish","hentry"],"_links":{"self":[{"href":"http:\/\/217.154.116.10\/index.php\/wp-json\/wp\/v2\/pages\/17","targetHints":{"allow":["GET"]}}],"collection":[{"href":"http:\/\/217.154.116.10\/index.php\/wp-json\/wp\/v2\/pages"}],"about":[{"href":"http:\/\/217.154.116.10\/index.php\/wp-json\/wp\/v2\/types\/page"}],"author":[{"embeddable":true,"href":"http:\/\/217.154.116.10\/index.php\/wp-json\/wp\/v2\/users\/1"}],"replies":[{"embeddable":true,"href":"http:\/\/217.154.116.10\/index.php\/wp-json\/wp\/v2\/comments?post=17"}],"version-history":[{"count":4,"href":"http:\/\/217.154.116.10\/index.php\/wp-json\/wp\/v2\/pages\/17\/revisions"}],"predecessor-version":[{"id":75,"href":"http:\/\/217.154.116.10\/index.php\/wp-json\/wp\/v2\/pages\/17\/revisions\/75"}],"wp:attachment":[{"href":"http:\/\/217.154.116.10\/index.php\/wp-json\/wp\/v2\/media?parent=17"}],"curies":[{"name":"wp","href":"https:\/\/api.w.org\/{rel}","templated":true}]}}