{"id":6,"date":"2025-08-19T07:26:13","date_gmt":"2025-08-19T05:26:13","guid":{"rendered":"http:\/\/217.154.116.10\/?page_id=6"},"modified":"2025-08-21T23:42:05","modified_gmt":"2025-08-21T21:42:05","slug":"bonjour-a-toutes-et-a-tous","status":"publish","type":"page","link":"http:\/\/217.154.116.10\/index.php\/bonjour-a-toutes-et-a-tous\/","title":{"rendered":"Accueil"},"content":{"rendered":"\n<p class=\"has-large-font-size\"><strong>Bonjour \u00e0 toutes et \u00e0 tous&nbsp;!<\/strong><\/p>\n\n\n\n<p class=\"has-text-align-center has-large-font-size\">Bienvenue sur f1poq.fr<\/p>\n\n\n\n<p>Par curiosit\u00e9 et pour quelques \u20ac, j&rsquo;ai fait l&rsquo;acquisition d&rsquo;un serveur VPS.<\/p>\n\n\n\n<p>Mon but premier, \u00e9tait de faire fonctionner le r\u00e9flecteur C4FM en YSF, <strong>\u00a0\u00bb FR-YSF-LONGWY-2 \u00ab\u00a0<\/strong> . Cette premi\u00e8re t\u00e2che est en activit\u00e9 dans le Cloud.<\/p>\n\n\n\n<p> Elle est accessible pour le moment via les \u00a0\u00bbHotSpot\u00a0\u00bb ou l&rsquo;application DroidStar.<\/p>\n\n\n\n<p>J&rsquo;ai profit\u00e9 de la possibilit\u00e9 offerte pour installer (installation en cours) et de g\u00e9rer un site WORDPRESS avec plusieurs sections dynamiques :<\/p>\n\n\n\n<p><strong>\u00ab\u00a0\u00c0 la une\u00a0\u00bb<\/strong> : Mise en avant d&rsquo;un article et d&rsquo;un sujet d&rsquo;actualit\u00e9.<\/p>\n\n\n\n<p><strong>\u00ab\u00a0Derniers articles\u00a0\u00bb<\/strong> : Retour sur les pr\u00e9c\u00e9dents articles<\/p>\n\n\n\n<p><strong>\u00a0\u00bbCommentaires r\u00e9cents<\/strong>\u00a0\u00bb&nbsp;: Tout est dit dans la rubrique<\/p>\n\n\n\n<p><\/p>\n","protected":false},"excerpt":{"rendered":"<p>Bonjour \u00e0 toutes et \u00e0 tous&nbsp;! Bienvenue sur f1poq.fr Par curiosit\u00e9 et pour quelques \u20ac, j&rsquo;ai fait l&rsquo;acquisition d&rsquo;un serveur VPS. Mon but premier, \u00e9tait &hellip; <\/p>\n","protected":false},"author":1,"featured_media":0,"parent":0,"menu_order":0,"comment_status":"closed","ping_status":"closed","template":"","meta":{"footnotes":""},"class_list":["post-6","page","type-page","status-publish","hentry"],"_links":{"self":[{"href":"http:\/\/217.154.116.10\/index.php\/wp-json\/wp\/v2\/pages\/6","targetHints":{"allow":["GET"]}}],"collection":[{"href":"http:\/\/217.154.116.10\/index.php\/wp-json\/wp\/v2\/pages"}],"about":[{"href":"http:\/\/217.154.116.10\/index.php\/wp-json\/wp\/v2\/types\/page"}],"author":[{"embeddable":true,"href":"http:\/\/217.154.116.10\/index.php\/wp-json\/wp\/v2\/users\/1"}],"replies":[{"embeddable":true,"href":"http:\/\/217.154.116.10\/index.php\/wp-json\/wp\/v2\/comments?post=6"}],"version-history":[{"count":8,"href":"http:\/\/217.154.116.10\/index.php\/wp-json\/wp\/v2\/pages\/6\/revisions"}],"predecessor-version":[{"id":33,"href":"http:\/\/217.154.116.10\/index.php\/wp-json\/wp\/v2\/pages\/6\/revisions\/33"}],"wp:attachment":[{"href":"http:\/\/217.154.116.10\/index.php\/wp-json\/wp\/v2\/media?parent=6"}],"curies":[{"name":"wp","href":"https:\/\/api.w.org\/{rel}","templated":true}]}}